{"id":46,"date":"2019-05-10T20:53:45","date_gmt":"2019-05-10T23:53:45","guid":{"rendered":"https:\/\/www.pipingsolutions.com.br\/?page_id=46"},"modified":"2019-05-16T00:16:53","modified_gmt":"2019-05-16T03:16:53","slug":"produtos","status":"publish","type":"page","link":"https:\/\/www.pipingsolutions.com.br\/es\/produtos\/","title":{"rendered":"Productos"},"content":{"rendered":"\t\t<div data-elementor-type=\"wp-post\" data-elementor-id=\"46\" class=\"elementor elementor-46\">\n\t\t\t\t\t\t<section class=\"elementor-section elementor-top-section elementor-element elementor-element-3ec7c566 elementor-section-boxed elementor-section-height-default elementor-section-height-default\" data-id=\"3ec7c566\" data-element_type=\"section\">\n\t\t\t\t\t\t<div class=\"elementor-container elementor-column-gap-default\">\n\t\t\t\t\t<div class=\"elementor-column elementor-col-50 elementor-top-column elementor-element elementor-element-2cb9672c\" data-id=\"2cb9672c\" data-element_type=\"column\">\n\t\t\t<div class=\"elementor-widget-wrap elementor-element-populated\">\n\t\t\t\t\t\t<div class=\"elementor-element elementor-element-3dd4368 elementor-widget elementor-widget-heading\" data-id=\"3dd4368\" data-element_type=\"widget\" data-widget_type=\"heading.default\">\n\t\t\t\t<div class=\"elementor-widget-container\">\n\t\t\t\t\t<h2 class=\"elementor-heading-title elementor-size-default\">Soluciones completas<\/h2>\t\t\t\t<\/div>\n\t\t\t\t<\/div>\n\t\t\t\t<div class=\"elementor-element elementor-element-416d44d2 elementor-widget elementor-widget-text-editor\" data-id=\"416d44d2\" data-element_type=\"widget\" data-widget_type=\"text-editor.default\">\n\t\t\t\t<div class=\"elementor-widget-container\">\n\t\t\t\t\t\t\t\t\t<ul><li>&#8211; Vasos de Presi\u00f3n<\/li><li>&#8211; Cambiadores de Calor<\/li><li>&#8211; Equipos para Usinas de Az\u00facar y Etanol<\/li><li>&#8211; Transportadores (Esteras, Roscas, Elevadores)<\/li><li>&#8211; Tanques y Dep\u00f3sitos en General<\/li><li>&#8211; Estructuras Met\u00e1licas<\/li><\/ul>\t\t\t\t\t\t\t\t<\/div>\n\t\t\t\t<\/div>\n\t\t\t\t\t<\/div>\n\t\t<\/div>\n\t\t\t\t<div class=\"elementor-column elementor-col-50 elementor-top-column elementor-element elementor-element-6544c3fe\" data-id=\"6544c3fe\" data-element_type=\"column\">\n\t\t\t<div class=\"elementor-widget-wrap elementor-element-populated\">\n\t\t\t\t\t\t<div class=\"elementor-element elementor-element-593727ef elementor-widget elementor-widget-image\" data-id=\"593727ef\" data-element_type=\"widget\" data-widget_type=\"image.default\">\n\t\t\t\t<div class=\"elementor-widget-container\">\n\t\t\t\t\t\t\t\t\t\t\t\t\t\t\t<img fetchpriority=\"high\" decoding=\"async\" width=\"640\" height=\"426\" src=\"https:\/\/www.pipingsolutions.com.br\/es\/wp-content\/uploads\/sites\/2\/2019\/05\/usina-1.jpg\" class=\"attachment-large size-large wp-image-202\" alt=\"\" srcset=\"https:\/\/www.pipingsolutions.com.br\/es\/wp-content\/uploads\/sites\/2\/2019\/05\/usina-1.jpg 800w, https:\/\/www.pipingsolutions.com.br\/es\/wp-content\/uploads\/sites\/2\/2019\/05\/usina-1-300x200.jpg 300w, https:\/\/www.pipingsolutions.com.br\/es\/wp-content\/uploads\/sites\/2\/2019\/05\/usina-1-768x512.jpg 768w\" sizes=\"(max-width: 640px) 100vw, 640px\" \/>\t\t\t\t\t\t\t\t\t\t\t\t\t\t\t<\/div>\n\t\t\t\t<\/div>\n\t\t\t\t\t<\/div>\n\t\t<\/div>\n\t\t\t\t\t<\/div>\n\t\t<\/section>\n\t\t\t\t<section class=\"elementor-section elementor-top-section elementor-element elementor-element-5bae3f89 elementor-section-boxed elementor-section-height-default elementor-section-height-default\" data-id=\"5bae3f89\" data-element_type=\"section\">\n\t\t\t\t\t\t<div class=\"elementor-container elementor-column-gap-default\">\n\t\t\t\t\t<div class=\"elementor-column elementor-col-100 elementor-top-column elementor-element elementor-element-611db1c1\" data-id=\"611db1c1\" data-element_type=\"column\">\n\t\t\t<div class=\"elementor-widget-wrap elementor-element-populated\">\n\t\t\t\t\t\t<div class=\"elementor-element elementor-element-1da2f982 elementor-widget elementor-widget-spacer\" data-id=\"1da2f982\" data-element_type=\"widget\" data-widget_type=\"spacer.default\">\n\t\t\t\t<div class=\"elementor-widget-container\">\n\t\t\t\t\t\t\t<div class=\"elementor-spacer\">\n\t\t\t<div class=\"elementor-spacer-inner\"><\/div>\n\t\t<\/div>\n\t\t\t\t\t\t<\/div>\n\t\t\t\t<\/div>\n\t\t\t\t\t<\/div>\n\t\t<\/div>\n\t\t\t\t\t<\/div>\n\t\t<\/section>\n\t\t\t\t<section class=\"elementor-section elementor-top-section elementor-element elementor-element-6334f0c5 elementor-section-boxed elementor-section-height-default elementor-section-height-default\" data-id=\"6334f0c5\" data-element_type=\"section\">\n\t\t\t\t\t\t<div class=\"elementor-container elementor-column-gap-default\">\n\t\t\t\t\t<div class=\"elementor-column elementor-col-100 elementor-top-column elementor-element elementor-element-6d8c78\" data-id=\"6d8c78\" data-element_type=\"column\">\n\t\t\t<div class=\"elementor-widget-wrap elementor-element-populated\">\n\t\t\t\t\t\t<div class=\"elementor-element elementor-element-6858bd8a elementor-widget elementor-widget-heading\" data-id=\"6858bd8a\" data-element_type=\"widget\" data-widget_type=\"heading.default\">\n\t\t\t\t<div class=\"elementor-widget-container\">\n\t\t\t\t\t<h2 class=\"elementor-heading-title elementor-size-default\">\nEquipos para Usinas de Az\u00facar y Etanol<\/h2>\t\t\t\t<\/div>\n\t\t\t\t<\/div>\n\t\t\t\t\t<\/div>\n\t\t<\/div>\n\t\t\t\t\t<\/div>\n\t\t<\/section>\n\t\t\t\t<section class=\"elementor-section elementor-top-section elementor-element elementor-element-72bc6fac elementor-section-stretched elementor-section-full_width elementor-section-height-default elementor-section-height-default\" data-id=\"72bc6fac\" data-element_type=\"section\" data-settings=\"{&quot;stretch_section&quot;:&quot;section-stretched&quot;,&quot;background_background&quot;:&quot;classic&quot;}\">\n\t\t\t\t\t\t<div class=\"elementor-container elementor-column-gap-default\">\n\t\t\t\t\t<div class=\"elementor-column elementor-col-50 elementor-top-column elementor-element elementor-element-3e301366\" data-id=\"3e301366\" data-element_type=\"column\">\n\t\t\t<div class=\"elementor-widget-wrap elementor-element-populated\">\n\t\t\t\t\t\t<div class=\"elementor-element elementor-element-577c171b elementor-widget elementor-widget-image\" data-id=\"577c171b\" data-element_type=\"widget\" data-widget_type=\"image.default\">\n\t\t\t\t<div class=\"elementor-widget-container\">\n\t\t\t\t\t\t\t\t\t\t\t\t\t\t\t\t<a href=\"https:\/\/www.pipingsolutions.com.br\/wp-content\/uploads\/2019\/05\/3d_usina1.jpg\" data-elementor-open-lightbox=\"yes\" data-elementor-lightbox-title=\"3d_usina1\" data-e-action-hash=\"#elementor-action%3Aaction%3Dlightbox%26settings%3DeyJpZCI6MjA3LCJ1cmwiOiJodHRwczpcL1wvd3d3LnBpcGluZ3NvbHV0aW9ucy5jb20uYnJcL2VzXC93cC1jb250ZW50XC91cGxvYWRzXC9zaXRlc1wvMlwvMjAxOVwvMDVcLzNkX3VzaW5hMS5qcGcifQ%3D%3D\">\n\t\t\t\t\t\t\t<img decoding=\"async\" width=\"640\" height=\"410\" src=\"https:\/\/www.pipingsolutions.com.br\/es\/wp-content\/uploads\/sites\/2\/2019\/05\/3d_usina1.jpg\" class=\"attachment-large size-large wp-image-207\" alt=\"\" srcset=\"https:\/\/www.pipingsolutions.com.br\/es\/wp-content\/uploads\/sites\/2\/2019\/05\/3d_usina1.jpg 748w, https:\/\/www.pipingsolutions.com.br\/es\/wp-content\/uploads\/sites\/2\/2019\/05\/3d_usina1-300x192.jpg 300w\" sizes=\"(max-width: 640px) 100vw, 640px\" \/>\t\t\t\t\t\t\t\t<\/a>\n\t\t\t\t\t\t\t\t\t\t\t\t\t\t\t<\/div>\n\t\t\t\t<\/div>\n\t\t\t\t\t<\/div>\n\t\t<\/div>\n\t\t\t\t<div class=\"elementor-column elementor-col-50 elementor-top-column elementor-element elementor-element-2df56767\" data-id=\"2df56767\" data-element_type=\"column\">\n\t\t\t<div class=\"elementor-widget-wrap elementor-element-populated\">\n\t\t\t\t\t\t<div class=\"elementor-element elementor-element-69a4b3a1 elementor-widget elementor-widget-image\" data-id=\"69a4b3a1\" data-element_type=\"widget\" data-widget_type=\"image.default\">\n\t\t\t\t<div class=\"elementor-widget-container\">\n\t\t\t\t\t\t\t\t\t\t\t\t\t\t\t\t<a href=\"https:\/\/www.pipingsolutions.com.br\/wp-content\/uploads\/2019\/05\/3d_usina12.jpg\" data-elementor-open-lightbox=\"yes\" data-elementor-lightbox-title=\"3d_usina12\" data-e-action-hash=\"#elementor-action%3Aaction%3Dlightbox%26settings%3DeyJpZCI6MjA4LCJ1cmwiOiJodHRwczpcL1wvd3d3LnBpcGluZ3NvbHV0aW9ucy5jb20uYnJcL2VzXC93cC1jb250ZW50XC91cGxvYWRzXC9zaXRlc1wvMlwvMjAxOVwvMDVcLzNkX3VzaW5hMTIuanBnIn0%3D\">\n\t\t\t\t\t\t\t<img decoding=\"async\" width=\"483\" height=\"473\" src=\"https:\/\/www.pipingsolutions.com.br\/es\/wp-content\/uploads\/sites\/2\/2019\/05\/3d_usina12.jpg\" class=\"attachment-large size-large wp-image-208\" alt=\"\" srcset=\"https:\/\/www.pipingsolutions.com.br\/es\/wp-content\/uploads\/sites\/2\/2019\/05\/3d_usina12.jpg 483w, https:\/\/www.pipingsolutions.com.br\/es\/wp-content\/uploads\/sites\/2\/2019\/05\/3d_usina12-300x294.jpg 300w\" sizes=\"(max-width: 483px) 100vw, 483px\" \/>\t\t\t\t\t\t\t\t<\/a>\n\t\t\t\t\t\t\t\t\t\t\t\t\t\t\t<\/div>\n\t\t\t\t<\/div>\n\t\t\t\t\t<\/div>\n\t\t<\/div>\n\t\t\t\t\t<\/div>\n\t\t<\/section>\n\t\t\t\t<section class=\"elementor-section elementor-top-section elementor-element elementor-element-30e9d2c1 elementor-section-boxed elementor-section-height-default elementor-section-height-default\" data-id=\"30e9d2c1\" data-element_type=\"section\">\n\t\t\t\t\t\t<div class=\"elementor-container elementor-column-gap-default\">\n\t\t\t\t\t<div class=\"elementor-column elementor-col-100 elementor-top-column elementor-element elementor-element-67c7a774\" data-id=\"67c7a774\" data-element_type=\"column\">\n\t\t\t<div class=\"elementor-widget-wrap elementor-element-populated\">\n\t\t\t\t\t\t<div class=\"elementor-element elementor-element-544ed3eb elementor-widget elementor-widget-spacer\" data-id=\"544ed3eb\" data-element_type=\"widget\" data-widget_type=\"spacer.default\">\n\t\t\t\t<div class=\"elementor-widget-container\">\n\t\t\t\t\t\t\t<div class=\"elementor-spacer\">\n\t\t\t<div class=\"elementor-spacer-inner\"><\/div>\n\t\t<\/div>\n\t\t\t\t\t\t<\/div>\n\t\t\t\t<\/div>\n\t\t\t\t\t<\/div>\n\t\t<\/div>\n\t\t\t\t\t<\/div>\n\t\t<\/section>\n\t\t\t\t<section class=\"elementor-section elementor-top-section elementor-element elementor-element-db18758 elementor-section-boxed elementor-section-height-default elementor-section-height-default\" data-id=\"db18758\" data-element_type=\"section\">\n\t\t\t\t\t\t<div class=\"elementor-container elementor-column-gap-default\">\n\t\t\t\t\t<div class=\"elementor-column elementor-col-100 elementor-top-column elementor-element elementor-element-fbc3ca8\" data-id=\"fbc3ca8\" data-element_type=\"column\">\n\t\t\t<div class=\"elementor-widget-wrap elementor-element-populated\">\n\t\t\t\t\t\t<div class=\"elementor-element elementor-element-b44b612 elementor-widget elementor-widget-heading\" data-id=\"b44b612\" data-element_type=\"widget\" data-widget_type=\"heading.default\">\n\t\t\t\t<div class=\"elementor-widget-container\">\n\t\t\t\t\t<h2 class=\"elementor-heading-title elementor-size-default\">Vasos de presi\u00f3n y intercambiadores de calor<\/h2>\t\t\t\t<\/div>\n\t\t\t\t<\/div>\n\t\t\t\t\t<\/div>\n\t\t<\/div>\n\t\t\t\t\t<\/div>\n\t\t<\/section>\n\t\t\t\t<section class=\"elementor-section elementor-top-section elementor-element elementor-element-62dc2d2b elementor-section-stretched elementor-section-full_width elementor-section-height-default elementor-section-height-default\" data-id=\"62dc2d2b\" data-element_type=\"section\" data-settings=\"{&quot;stretch_section&quot;:&quot;section-stretched&quot;,&quot;background_background&quot;:&quot;classic&quot;}\">\n\t\t\t\t\t\t<div class=\"elementor-container elementor-column-gap-default\">\n\t\t\t\t\t<div class=\"elementor-column elementor-col-50 elementor-top-column elementor-element elementor-element-1ad3bd4b\" data-id=\"1ad3bd4b\" data-element_type=\"column\">\n\t\t\t<div class=\"elementor-widget-wrap elementor-element-populated\">\n\t\t\t\t\t\t<div class=\"elementor-element elementor-element-43d8d8f elementor-widget elementor-widget-image\" data-id=\"43d8d8f\" data-element_type=\"widget\" data-widget_type=\"image.default\">\n\t\t\t\t<div class=\"elementor-widget-container\">\n\t\t\t\t\t\t\t\t\t\t\t\t\t\t\t\t<a href=\"https:\/\/www.pipingsolutions.com.br\/wp-content\/uploads\/2019\/05\/pressao2.jpg\" data-elementor-open-lightbox=\"yes\" data-elementor-lightbox-title=\"pressao2\" data-e-action-hash=\"#elementor-action%3Aaction%3Dlightbox%26settings%3DeyJpZCI6MjExLCJ1cmwiOiJodHRwczpcL1wvd3d3LnBpcGluZ3NvbHV0aW9ucy5jb20uYnJcL2VzXC93cC1jb250ZW50XC91cGxvYWRzXC9zaXRlc1wvMlwvMjAxOVwvMDVcL3ByZXNzYW8yLmpwZyJ9\">\n\t\t\t\t\t\t\t<img loading=\"lazy\" decoding=\"async\" width=\"640\" height=\"418\" src=\"https:\/\/www.pipingsolutions.com.br\/es\/wp-content\/uploads\/sites\/2\/2019\/05\/pressao2.jpg\" class=\"attachment-large size-large wp-image-211\" alt=\"\" srcset=\"https:\/\/www.pipingsolutions.com.br\/es\/wp-content\/uploads\/sites\/2\/2019\/05\/pressao2.jpg 718w, https:\/\/www.pipingsolutions.com.br\/es\/wp-content\/uploads\/sites\/2\/2019\/05\/pressao2-300x196.jpg 300w\" sizes=\"(max-width: 640px) 100vw, 640px\" \/>\t\t\t\t\t\t\t\t<\/a>\n\t\t\t\t\t\t\t\t\t\t\t\t\t\t\t<\/div>\n\t\t\t\t<\/div>\n\t\t\t\t\t<\/div>\n\t\t<\/div>\n\t\t\t\t<div class=\"elementor-column elementor-col-50 elementor-top-column elementor-element elementor-element-53dd0960\" data-id=\"53dd0960\" data-element_type=\"column\">\n\t\t\t<div class=\"elementor-widget-wrap elementor-element-populated\">\n\t\t\t\t\t\t<div class=\"elementor-element elementor-element-f6977b2 elementor-widget elementor-widget-image\" data-id=\"f6977b2\" data-element_type=\"widget\" data-widget_type=\"image.default\">\n\t\t\t\t<div class=\"elementor-widget-container\">\n\t\t\t\t\t\t\t\t\t\t\t\t\t\t\t\t<a href=\"https:\/\/www.pipingsolutions.com.br\/wp-content\/uploads\/2019\/05\/pressao1.jpg\" data-elementor-open-lightbox=\"yes\" data-elementor-lightbox-title=\"pressao1\" data-e-action-hash=\"#elementor-action%3Aaction%3Dlightbox%26settings%3DeyJpZCI6MjEyLCJ1cmwiOiJodHRwczpcL1wvd3d3LnBpcGluZ3NvbHV0aW9ucy5jb20uYnJcL2VzXC93cC1jb250ZW50XC91cGxvYWRzXC9zaXRlc1wvMlwvMjAxOVwvMDVcL3ByZXNzYW8xLWUxNTU3NzU4MDI1MTU1LmpwZyJ9\">\n\t\t\t\t\t\t\t<img loading=\"lazy\" decoding=\"async\" width=\"476\" height=\"464\" src=\"https:\/\/www.pipingsolutions.com.br\/es\/wp-content\/uploads\/sites\/2\/2019\/05\/pressao1-e1557758025155.jpg\" class=\"attachment-large size-large wp-image-212\" alt=\"\" srcset=\"https:\/\/www.pipingsolutions.com.br\/es\/wp-content\/uploads\/sites\/2\/2019\/05\/pressao1-e1557758025155.jpg 476w, https:\/\/www.pipingsolutions.com.br\/es\/wp-content\/uploads\/sites\/2\/2019\/05\/pressao1-e1557758025155-300x292.jpg 300w\" sizes=\"(max-width: 476px) 100vw, 476px\" \/>\t\t\t\t\t\t\t\t<\/a>\n\t\t\t\t\t\t\t\t\t\t\t\t\t\t\t<\/div>\n\t\t\t\t<\/div>\n\t\t\t\t\t<\/div>\n\t\t<\/div>\n\t\t\t\t\t<\/div>\n\t\t<\/section>\n\t\t\t\t<section class=\"elementor-section elementor-top-section elementor-element elementor-element-162f938 elementor-section-boxed elementor-section-height-default elementor-section-height-default\" data-id=\"162f938\" data-element_type=\"section\">\n\t\t\t\t\t\t<div class=\"elementor-container elementor-column-gap-default\">\n\t\t\t\t\t<div class=\"elementor-column elementor-col-100 elementor-top-column elementor-element elementor-element-fc6fad9\" data-id=\"fc6fad9\" data-element_type=\"column\">\n\t\t\t<div class=\"elementor-widget-wrap elementor-element-populated\">\n\t\t\t\t\t\t<div class=\"elementor-element elementor-element-7eccb92 elementor-widget elementor-widget-spacer\" data-id=\"7eccb92\" data-element_type=\"widget\" data-widget_type=\"spacer.default\">\n\t\t\t\t<div class=\"elementor-widget-container\">\n\t\t\t\t\t\t\t<div class=\"elementor-spacer\">\n\t\t\t<div class=\"elementor-spacer-inner\"><\/div>\n\t\t<\/div>\n\t\t\t\t\t\t<\/div>\n\t\t\t\t<\/div>\n\t\t\t\t\t<\/div>\n\t\t<\/div>\n\t\t\t\t\t<\/div>\n\t\t<\/section>\n\t\t\t\t<section class=\"elementor-section elementor-top-section elementor-element elementor-element-c766ff1 elementor-section-boxed elementor-section-height-default elementor-section-height-default\" data-id=\"c766ff1\" data-element_type=\"section\">\n\t\t\t\t\t\t<div class=\"elementor-container elementor-column-gap-default\">\n\t\t\t\t\t<div class=\"elementor-column elementor-col-100 elementor-top-column elementor-element elementor-element-220ee2a\" data-id=\"220ee2a\" data-element_type=\"column\">\n\t\t\t<div class=\"elementor-widget-wrap elementor-element-populated\">\n\t\t\t\t\t\t<div class=\"elementor-element elementor-element-9ae186f elementor-widget elementor-widget-heading\" data-id=\"9ae186f\" data-element_type=\"widget\" data-widget_type=\"heading.default\">\n\t\t\t\t<div class=\"elementor-widget-container\">\n\t\t\t\t\t<h2 class=\"elementor-heading-title elementor-size-default\">Estructuras Met\u00e1licas<\/h2>\t\t\t\t<\/div>\n\t\t\t\t<\/div>\n\t\t\t\t\t<\/div>\n\t\t<\/div>\n\t\t\t\t\t<\/div>\n\t\t<\/section>\n\t\t\t\t<section class=\"elementor-section elementor-top-section elementor-element elementor-element-6165bd6 elementor-section-stretched elementor-section-full_width elementor-section-height-default elementor-section-height-default\" data-id=\"6165bd6\" data-element_type=\"section\" data-settings=\"{&quot;stretch_section&quot;:&quot;section-stretched&quot;,&quot;background_background&quot;:&quot;classic&quot;}\">\n\t\t\t\t\t\t<div class=\"elementor-container elementor-column-gap-default\">\n\t\t\t\t\t<div class=\"elementor-column elementor-col-50 elementor-top-column elementor-element elementor-element-401ad83\" data-id=\"401ad83\" data-element_type=\"column\">\n\t\t\t<div class=\"elementor-widget-wrap elementor-element-populated\">\n\t\t\t\t\t\t<div class=\"elementor-element elementor-element-30df062 elementor-widget elementor-widget-image\" data-id=\"30df062\" data-element_type=\"widget\" data-widget_type=\"image.default\">\n\t\t\t\t<div class=\"elementor-widget-container\">\n\t\t\t\t\t\t\t\t\t\t\t\t\t\t\t\t<a href=\"https:\/\/www.pipingsolutions.com.br\/wp-content\/uploads\/2019\/05\/estruturas1.jpg\" data-elementor-open-lightbox=\"yes\" data-elementor-lightbox-title=\"estruturas1\" data-e-action-hash=\"#elementor-action%3Aaction%3Dlightbox%26settings%3DeyJpZCI6MjE3LCJ1cmwiOiJodHRwczpcL1wvd3d3LnBpcGluZ3NvbHV0aW9ucy5jb20uYnJcL2VzXC93cC1jb250ZW50XC91cGxvYWRzXC9zaXRlc1wvMlwvMjAxOVwvMDVcL2VzdHJ1dHVyYXMxLmpwZyJ9\">\n\t\t\t\t\t\t\t<img loading=\"lazy\" decoding=\"async\" width=\"640\" height=\"418\" src=\"https:\/\/www.pipingsolutions.com.br\/es\/wp-content\/uploads\/sites\/2\/2019\/05\/estruturas1.jpg\" class=\"attachment-large size-large wp-image-217\" alt=\"\" srcset=\"https:\/\/www.pipingsolutions.com.br\/es\/wp-content\/uploads\/sites\/2\/2019\/05\/estruturas1.jpg 718w, https:\/\/www.pipingsolutions.com.br\/es\/wp-content\/uploads\/sites\/2\/2019\/05\/estruturas1-300x196.jpg 300w\" sizes=\"(max-width: 640px) 100vw, 640px\" \/>\t\t\t\t\t\t\t\t<\/a>\n\t\t\t\t\t\t\t\t\t\t\t\t\t\t\t<\/div>\n\t\t\t\t<\/div>\n\t\t\t\t\t<\/div>\n\t\t<\/div>\n\t\t\t\t<div class=\"elementor-column elementor-col-50 elementor-top-column elementor-element elementor-element-1c61d2d\" data-id=\"1c61d2d\" data-element_type=\"column\">\n\t\t\t<div class=\"elementor-widget-wrap elementor-element-populated\">\n\t\t\t\t\t\t<div class=\"elementor-element elementor-element-a6bb171 elementor-widget elementor-widget-image\" data-id=\"a6bb171\" data-element_type=\"widget\" data-widget_type=\"image.default\">\n\t\t\t\t<div class=\"elementor-widget-container\">\n\t\t\t\t\t\t\t\t\t\t\t\t\t\t\t\t<a href=\"https:\/\/www.pipingsolutions.com.br\/wp-content\/uploads\/2019\/05\/estruturas2.jpg\" data-elementor-open-lightbox=\"yes\" data-elementor-lightbox-title=\"estruturas2\" data-e-action-hash=\"#elementor-action%3Aaction%3Dlightbox%26settings%3DeyJpZCI6MjE2LCJ1cmwiOiJodHRwczpcL1wvd3d3LnBpcGluZ3NvbHV0aW9ucy5jb20uYnJcL2VzXC93cC1jb250ZW50XC91cGxvYWRzXC9zaXRlc1wvMlwvMjAxOVwvMDVcL2VzdHJ1dHVyYXMyLmpwZyJ9\">\n\t\t\t\t\t\t\t<img loading=\"lazy\" decoding=\"async\" width=\"507\" height=\"469\" src=\"https:\/\/www.pipingsolutions.com.br\/es\/wp-content\/uploads\/sites\/2\/2019\/05\/estruturas2.jpg\" class=\"attachment-large size-large wp-image-216\" alt=\"\" srcset=\"https:\/\/www.pipingsolutions.com.br\/es\/wp-content\/uploads\/sites\/2\/2019\/05\/estruturas2.jpg 507w, https:\/\/www.pipingsolutions.com.br\/es\/wp-content\/uploads\/sites\/2\/2019\/05\/estruturas2-300x278.jpg 300w\" sizes=\"(max-width: 507px) 100vw, 507px\" \/>\t\t\t\t\t\t\t\t<\/a>\n\t\t\t\t\t\t\t\t\t\t\t\t\t\t\t<\/div>\n\t\t\t\t<\/div>\n\t\t\t\t\t<\/div>\n\t\t<\/div>\n\t\t\t\t\t<\/div>\n\t\t<\/section>\n\t\t\t\t<\/div>\n\t\t","protected":false},"excerpt":{"rendered":"<p>Soluciones completas &#8211; Vasos de Presi\u00f3n &#8211; Cambiadores de Calor &#8211; Equipos para Usinas de Az\u00facar y Etanol &#8211; Transportadores (Esteras, Roscas, Elevadores) &#8211; Tanques y Dep\u00f3sitos en General &#8211; Estructuras Met\u00e1licas Equipos para Usinas de Az\u00facar y Etanol Vasos de presi\u00f3n y intercambiadores de calor Estructuras Met\u00e1licas<\/p>\n","protected":false},"author":1,"featured_media":0,"parent":0,"menu_order":0,"comment_status":"closed","ping_status":"closed","template":"","meta":{"footnotes":""},"class_list":["post-46","page","type-page","status-publish","hentry"],"_links":{"self":[{"href":"https:\/\/www.pipingsolutions.com.br\/es\/wp-json\/wp\/v2\/pages\/46","targetHints":{"allow":["GET"]}}],"collection":[{"href":"https:\/\/www.pipingsolutions.com.br\/es\/wp-json\/wp\/v2\/pages"}],"about":[{"href":"https:\/\/www.pipingsolutions.com.br\/es\/wp-json\/wp\/v2\/types\/page"}],"author":[{"embeddable":true,"href":"https:\/\/www.pipingsolutions.com.br\/es\/wp-json\/wp\/v2\/users\/1"}],"replies":[{"embeddable":true,"href":"https:\/\/www.pipingsolutions.com.br\/es\/wp-json\/wp\/v2\/comments?post=46"}],"version-history":[{"count":16,"href":"https:\/\/www.pipingsolutions.com.br\/es\/wp-json\/wp\/v2\/pages\/46\/revisions"}],"predecessor-version":[{"id":295,"href":"https:\/\/www.pipingsolutions.com.br\/es\/wp-json\/wp\/v2\/pages\/46\/revisions\/295"}],"wp:attachment":[{"href":"https:\/\/www.pipingsolutions.com.br\/es\/wp-json\/wp\/v2\/media?parent=46"}],"curies":[{"name":"wp","href":"https:\/\/api.w.org\/{rel}","templated":true}]}}