{"id":181,"date":"2019-05-11T23:21:23","date_gmt":"2019-05-12T02:21:23","guid":{"rendered":"https:\/\/www.pipingsolutions.com.br\/?page_id=181"},"modified":"2019-05-15T23:04:04","modified_gmt":"2019-05-16T02:04:04","slug":"analise-de-tensoes","status":"publish","type":"page","link":"https:\/\/www.pipingsolutions.com.br\/es\/analise-de-tensoes\/","title":{"rendered":"An\u00e1lisis de Tensiones"},"content":{"rendered":"\t\t<div data-elementor-type=\"wp-post\" data-elementor-id=\"181\" class=\"elementor elementor-181\">\n\t\t\t\t\t\t<section class=\"elementor-section elementor-top-section elementor-element elementor-element-686cfaf7 elementor-section-boxed elementor-section-height-default elementor-section-height-default\" data-id=\"686cfaf7\" data-element_type=\"section\">\n\t\t\t\t\t\t<div class=\"elementor-container elementor-column-gap-default\">\n\t\t\t\t\t<div class=\"elementor-column elementor-col-50 elementor-top-column elementor-element elementor-element-5787ec16\" data-id=\"5787ec16\" data-element_type=\"column\">\n\t\t\t<div class=\"elementor-widget-wrap elementor-element-populated\">\n\t\t\t\t\t\t<div class=\"elementor-element elementor-element-3bff3809 elementor-widget elementor-widget-text-editor\" data-id=\"3bff3809\" data-element_type=\"widget\" data-widget_type=\"text-editor.default\">\n\t\t\t\t<div class=\"elementor-widget-container\">\n\t\t\t\t\t\t\t\t\t<ul><li>&#8211; An\u00e1lisis de Tensiones de las tuber\u00edas y sus accesorios<\/li><li>&#8211; Verificaci\u00f3n de Esfuerzos en bocales de Equipos<\/li><li>&#8211; Memoriales de C\u00e1lculo<\/li><li>&#8211; Especificaciones de Soportes de Resorte y Juntas de Expansi\u00f3n<\/li><\/ul>\t\t\t\t\t\t\t\t<\/div>\n\t\t\t\t<\/div>\n\t\t\t\t\t<\/div>\n\t\t<\/div>\n\t\t\t\t<div class=\"elementor-column elementor-col-50 elementor-top-column elementor-element elementor-element-7147c942\" data-id=\"7147c942\" data-element_type=\"column\">\n\t\t\t<div class=\"elementor-widget-wrap elementor-element-populated\">\n\t\t\t\t\t\t<div class=\"elementor-element elementor-element-29bc8ec2 elementor-widget elementor-widget-image\" data-id=\"29bc8ec2\" data-element_type=\"widget\" data-widget_type=\"image.default\">\n\t\t\t\t<div class=\"elementor-widget-container\">\n\t\t\t\t\t\t\t\t\t\t\t\t\t\t\t<img fetchpriority=\"high\" decoding=\"async\" width=\"600\" height=\"409\" src=\"https:\/\/www.pipingsolutions.com.br\/es\/wp-content\/uploads\/sites\/2\/2019\/05\/analise_tensoes.jpg\" class=\"attachment-large size-large wp-image-186\" alt=\"\" srcset=\"https:\/\/www.pipingsolutions.com.br\/es\/wp-content\/uploads\/sites\/2\/2019\/05\/analise_tensoes.jpg 600w, https:\/\/www.pipingsolutions.com.br\/es\/wp-content\/uploads\/sites\/2\/2019\/05\/analise_tensoes-300x205.jpg 300w\" sizes=\"(max-width: 600px) 100vw, 600px\" \/>\t\t\t\t\t\t\t\t\t\t\t\t\t\t\t<\/div>\n\t\t\t\t<\/div>\n\t\t\t\t\t<\/div>\n\t\t<\/div>\n\t\t\t\t\t<\/div>\n\t\t<\/section>\n\t\t\t\t<section class=\"elementor-section elementor-top-section elementor-element elementor-element-2c2d7973 elementor-section-boxed elementor-section-height-default elementor-section-height-default\" data-id=\"2c2d7973\" data-element_type=\"section\">\n\t\t\t\t\t\t<div class=\"elementor-container elementor-column-gap-default\">\n\t\t\t\t\t<div class=\"elementor-column elementor-col-100 elementor-top-column elementor-element elementor-element-3f08ff56\" data-id=\"3f08ff56\" data-element_type=\"column\">\n\t\t\t<div class=\"elementor-widget-wrap elementor-element-populated\">\n\t\t\t\t\t\t<div class=\"elementor-element elementor-element-7f544d0e elementor-widget elementor-widget-spacer\" data-id=\"7f544d0e\" data-element_type=\"widget\" data-widget_type=\"spacer.default\">\n\t\t\t\t<div class=\"elementor-widget-container\">\n\t\t\t\t\t\t\t<div class=\"elementor-spacer\">\n\t\t\t<div class=\"elementor-spacer-inner\"><\/div>\n\t\t<\/div>\n\t\t\t\t\t\t<\/div>\n\t\t\t\t<\/div>\n\t\t\t\t\t<\/div>\n\t\t<\/div>\n\t\t\t\t\t<\/div>\n\t\t<\/section>\n\t\t\t\t<section class=\"elementor-section elementor-top-section elementor-element elementor-element-6f77ea0d elementor-section-boxed elementor-section-height-default elementor-section-height-default\" data-id=\"6f77ea0d\" data-element_type=\"section\">\n\t\t\t\t\t\t<div class=\"elementor-container elementor-column-gap-default\">\n\t\t\t\t\t<div class=\"elementor-column elementor-col-100 elementor-top-column elementor-element elementor-element-7b5fc133\" data-id=\"7b5fc133\" data-element_type=\"column\">\n\t\t\t<div class=\"elementor-widget-wrap elementor-element-populated\">\n\t\t\t\t\t\t<div class=\"elementor-element elementor-element-6a321ab2 elementor-widget elementor-widget-heading\" data-id=\"6a321ab2\" data-element_type=\"widget\" data-widget_type=\"heading.default\">\n\t\t\t\t<div class=\"elementor-widget-container\">\n\t\t\t\t\t<h2 class=\"elementor-heading-title elementor-size-default\">Verificaci\u00f3n de Esfuerzos en Boquillas<\/h2>\t\t\t\t<\/div>\n\t\t\t\t<\/div>\n\t\t\t\t\t<\/div>\n\t\t<\/div>\n\t\t\t\t\t<\/div>\n\t\t<\/section>\n\t\t\t\t<section class=\"elementor-section elementor-top-section elementor-element elementor-element-4b9dde99 elementor-section-stretched elementor-section-full_width elementor-section-height-default elementor-section-height-default\" data-id=\"4b9dde99\" data-element_type=\"section\" data-settings=\"{&quot;stretch_section&quot;:&quot;section-stretched&quot;,&quot;background_background&quot;:&quot;classic&quot;}\">\n\t\t\t\t\t\t<div class=\"elementor-container elementor-column-gap-default\">\n\t\t\t\t\t<div class=\"elementor-column elementor-col-50 elementor-top-column elementor-element elementor-element-6e61c952\" data-id=\"6e61c952\" data-element_type=\"column\">\n\t\t\t<div class=\"elementor-widget-wrap elementor-element-populated\">\n\t\t\t\t\t\t<div class=\"elementor-element elementor-element-2303a97f elementor-widget elementor-widget-heading\" data-id=\"2303a97f\" data-element_type=\"widget\" data-widget_type=\"heading.default\">\n\t\t\t\t<div class=\"elementor-widget-container\">\n\t\t\t\t\t<h2 class=\"elementor-heading-title elementor-size-default\">\nAn\u00e1lisis Tensiones: Vapor Turbina Preparaci\u00f3n de Ca\u00f1a<\/h2>\t\t\t\t<\/div>\n\t\t\t\t<\/div>\n\t\t\t\t<div class=\"elementor-element elementor-element-3311b1a4 elementor-widget elementor-widget-image\" data-id=\"3311b1a4\" data-element_type=\"widget\" data-widget_type=\"image.default\">\n\t\t\t\t<div class=\"elementor-widget-container\">\n\t\t\t\t\t\t\t\t\t\t\t\t\t\t\t\t<a href=\"https:\/\/www.pipingsolutions.com.br\/wp-content\/uploads\/2019\/05\/analise01.jpg\" data-elementor-open-lightbox=\"yes\" data-elementor-lightbox-title=\"analise01\" data-e-action-hash=\"#elementor-action%3Aaction%3Dlightbox%26settings%3DeyJpZCI6MTkwLCJ1cmwiOiJodHRwczpcL1wvd3d3LnBpcGluZ3NvbHV0aW9ucy5jb20uYnJcL2VzXC93cC1jb250ZW50XC91cGxvYWRzXC9zaXRlc1wvMlwvMjAxOVwvMDVcL2FuYWxpc2UwMS5qcGcifQ%3D%3D\">\n\t\t\t\t\t\t\t<img decoding=\"async\" width=\"640\" height=\"465\" src=\"https:\/\/www.pipingsolutions.com.br\/es\/wp-content\/uploads\/sites\/2\/2019\/05\/analise01.jpg\" class=\"attachment-large size-large wp-image-190\" alt=\"\" srcset=\"https:\/\/www.pipingsolutions.com.br\/es\/wp-content\/uploads\/sites\/2\/2019\/05\/analise01.jpg 673w, https:\/\/www.pipingsolutions.com.br\/es\/wp-content\/uploads\/sites\/2\/2019\/05\/analise01-300x218.jpg 300w\" sizes=\"(max-width: 640px) 100vw, 640px\" \/>\t\t\t\t\t\t\t\t<\/a>\n\t\t\t\t\t\t\t\t\t\t\t\t\t\t\t<\/div>\n\t\t\t\t<\/div>\n\t\t\t\t\t<\/div>\n\t\t<\/div>\n\t\t\t\t<div class=\"elementor-column elementor-col-50 elementor-top-column elementor-element elementor-element-40b240c5\" data-id=\"40b240c5\" data-element_type=\"column\">\n\t\t\t<div class=\"elementor-widget-wrap elementor-element-populated\">\n\t\t\t\t\t\t<div class=\"elementor-element elementor-element-5a1ddf4 elementor-widget elementor-widget-heading\" data-id=\"5a1ddf4\" data-element_type=\"widget\" data-widget_type=\"heading.default\">\n\t\t\t\t<div class=\"elementor-widget-container\">\n\t\t\t\t\t<h2 class=\"elementor-heading-title elementor-size-default\">An\u00e1lisis Tensiones: Vapor Escape Turbina<\/h2>\t\t\t\t<\/div>\n\t\t\t\t<\/div>\n\t\t\t\t<div class=\"elementor-element elementor-element-528dcf7 elementor-widget elementor-widget-image\" data-id=\"528dcf7\" data-element_type=\"widget\" data-widget_type=\"image.default\">\n\t\t\t\t<div class=\"elementor-widget-container\">\n\t\t\t\t\t\t\t\t\t\t\t\t\t\t\t\t<a href=\"https:\/\/www.pipingsolutions.com.br\/wp-content\/uploads\/2019\/05\/analise02.jpg\" data-elementor-open-lightbox=\"yes\" data-elementor-lightbox-title=\"analise02\" data-e-action-hash=\"#elementor-action%3Aaction%3Dlightbox%26settings%3DeyJpZCI6MTg5LCJ1cmwiOiJodHRwczpcL1wvd3d3LnBpcGluZ3NvbHV0aW9ucy5jb20uYnJcL2VzXC93cC1jb250ZW50XC91cGxvYWRzXC9zaXRlc1wvMlwvMjAxOVwvMDVcL2FuYWxpc2UwMi5qcGcifQ%3D%3D\">\n\t\t\t\t\t\t\t<img decoding=\"async\" width=\"640\" height=\"465\" src=\"https:\/\/www.pipingsolutions.com.br\/es\/wp-content\/uploads\/sites\/2\/2019\/05\/analise02.jpg\" class=\"attachment-large size-large wp-image-189\" alt=\"\" srcset=\"https:\/\/www.pipingsolutions.com.br\/es\/wp-content\/uploads\/sites\/2\/2019\/05\/analise02.jpg 673w, https:\/\/www.pipingsolutions.com.br\/es\/wp-content\/uploads\/sites\/2\/2019\/05\/analise02-300x218.jpg 300w\" sizes=\"(max-width: 640px) 100vw, 640px\" \/>\t\t\t\t\t\t\t\t<\/a>\n\t\t\t\t\t\t\t\t\t\t\t\t\t\t\t<\/div>\n\t\t\t\t<\/div>\n\t\t\t\t\t<\/div>\n\t\t<\/div>\n\t\t\t\t\t<\/div>\n\t\t<\/section>\n\t\t\t\t<section class=\"elementor-section elementor-top-section elementor-element elementor-element-d381669 elementor-section-boxed elementor-section-height-default elementor-section-height-default\" data-id=\"d381669\" data-element_type=\"section\">\n\t\t\t\t\t\t<div class=\"elementor-container elementor-column-gap-default\">\n\t\t\t\t\t<div class=\"elementor-column elementor-col-100 elementor-top-column elementor-element elementor-element-b6b7eb7\" data-id=\"b6b7eb7\" data-element_type=\"column\">\n\t\t\t<div class=\"elementor-widget-wrap elementor-element-populated\">\n\t\t\t\t\t\t<div class=\"elementor-element elementor-element-3a233ab elementor-widget elementor-widget-spacer\" data-id=\"3a233ab\" data-element_type=\"widget\" data-widget_type=\"spacer.default\">\n\t\t\t\t<div class=\"elementor-widget-container\">\n\t\t\t\t\t\t\t<div class=\"elementor-spacer\">\n\t\t\t<div class=\"elementor-spacer-inner\"><\/div>\n\t\t<\/div>\n\t\t\t\t\t\t<\/div>\n\t\t\t\t<\/div>\n\t\t\t\t\t<\/div>\n\t\t<\/div>\n\t\t\t\t\t<\/div>\n\t\t<\/section>\n\t\t\t\t<section class=\"elementor-section elementor-top-section elementor-element elementor-element-aad3a13 elementor-section-boxed elementor-section-height-default elementor-section-height-default\" data-id=\"aad3a13\" data-element_type=\"section\">\n\t\t\t\t\t\t<div class=\"elementor-container elementor-column-gap-default\">\n\t\t\t\t\t<div class=\"elementor-column elementor-col-100 elementor-top-column elementor-element elementor-element-66ff861\" data-id=\"66ff861\" data-element_type=\"column\">\n\t\t\t<div class=\"elementor-widget-wrap elementor-element-populated\">\n\t\t\t\t\t\t<div class=\"elementor-element elementor-element-59b28f2 elementor-widget elementor-widget-heading\" data-id=\"59b28f2\" data-element_type=\"widget\" data-widget_type=\"heading.default\">\n\t\t\t\t<div class=\"elementor-widget-container\">\n\t\t\t\t\t<h2 class=\"elementor-heading-title elementor-size-default\">Memorial de C\u00e1lculo: Esfuerzos en Boquillas<\/h2>\t\t\t\t<\/div>\n\t\t\t\t<\/div>\n\t\t\t\t\t<\/div>\n\t\t<\/div>\n\t\t\t\t\t<\/div>\n\t\t<\/section>\n\t\t\t\t<section class=\"elementor-section elementor-top-section elementor-element elementor-element-05c9ed0 elementor-section-stretched elementor-section-full_width elementor-section-height-default elementor-section-height-default\" data-id=\"05c9ed0\" data-element_type=\"section\" data-settings=\"{&quot;stretch_section&quot;:&quot;section-stretched&quot;,&quot;background_background&quot;:&quot;classic&quot;}\">\n\t\t\t\t\t\t<div class=\"elementor-container elementor-column-gap-default\">\n\t\t\t\t\t<div class=\"elementor-column elementor-col-50 elementor-top-column elementor-element elementor-element-99f4d30\" data-id=\"99f4d30\" data-element_type=\"column\">\n\t\t\t<div class=\"elementor-widget-wrap elementor-element-populated\">\n\t\t\t\t\t\t<div class=\"elementor-element elementor-element-f6fca4d elementor-widget elementor-widget-image\" data-id=\"f6fca4d\" data-element_type=\"widget\" data-widget_type=\"image.default\">\n\t\t\t\t<div class=\"elementor-widget-container\">\n\t\t\t\t\t\t\t\t\t\t\t\t\t\t\t\t<a href=\"https:\/\/www.pipingsolutions.com.br\/wp-content\/uploads\/2019\/05\/analise03.jpg\" data-elementor-open-lightbox=\"yes\" data-elementor-lightbox-title=\"analise03\" data-e-action-hash=\"#elementor-action%3Aaction%3Dlightbox%26settings%3DeyJpZCI6MTk3LCJ1cmwiOiJodHRwczpcL1wvd3d3LnBpcGluZ3NvbHV0aW9ucy5jb20uYnJcL2VzXC93cC1jb250ZW50XC91cGxvYWRzXC9zaXRlc1wvMlwvMjAxOVwvMDVcL2FuYWxpc2UwMy5qcGcifQ%3D%3D\">\n\t\t\t\t\t\t\t<img loading=\"lazy\" decoding=\"async\" width=\"640\" height=\"452\" src=\"https:\/\/www.pipingsolutions.com.br\/es\/wp-content\/uploads\/sites\/2\/2019\/05\/analise03.jpg\" class=\"attachment-large size-large wp-image-197\" alt=\"\" srcset=\"https:\/\/www.pipingsolutions.com.br\/es\/wp-content\/uploads\/sites\/2\/2019\/05\/analise03.jpg 798w, https:\/\/www.pipingsolutions.com.br\/es\/wp-content\/uploads\/sites\/2\/2019\/05\/analise03-300x212.jpg 300w, https:\/\/www.pipingsolutions.com.br\/es\/wp-content\/uploads\/sites\/2\/2019\/05\/analise03-768x542.jpg 768w\" sizes=\"(max-width: 640px) 100vw, 640px\" \/>\t\t\t\t\t\t\t\t<\/a>\n\t\t\t\t\t\t\t\t\t\t\t\t\t\t\t<\/div>\n\t\t\t\t<\/div>\n\t\t\t\t\t<\/div>\n\t\t<\/div>\n\t\t\t\t<div class=\"elementor-column elementor-col-50 elementor-top-column elementor-element elementor-element-0fb6dff\" data-id=\"0fb6dff\" data-element_type=\"column\">\n\t\t\t<div class=\"elementor-widget-wrap elementor-element-populated\">\n\t\t\t\t\t\t<div class=\"elementor-element elementor-element-1c3f1e7 elementor-widget elementor-widget-image\" data-id=\"1c3f1e7\" data-element_type=\"widget\" data-widget_type=\"image.default\">\n\t\t\t\t<div class=\"elementor-widget-container\">\n\t\t\t\t\t\t\t\t\t\t\t\t\t\t\t\t<a href=\"https:\/\/www.pipingsolutions.com.br\/wp-content\/uploads\/2019\/05\/analise04.jpg\" data-elementor-open-lightbox=\"yes\" data-elementor-lightbox-title=\"analise04\" data-e-action-hash=\"#elementor-action%3Aaction%3Dlightbox%26settings%3DeyJpZCI6MTk2LCJ1cmwiOiJodHRwczpcL1wvd3d3LnBpcGluZ3NvbHV0aW9ucy5jb20uYnJcL2VzXC93cC1jb250ZW50XC91cGxvYWRzXC9zaXRlc1wvMlwvMjAxOVwvMDVcL2FuYWxpc2UwNC5qcGcifQ%3D%3D\">\n\t\t\t\t\t\t\t<img loading=\"lazy\" decoding=\"async\" width=\"640\" height=\"452\" src=\"https:\/\/www.pipingsolutions.com.br\/es\/wp-content\/uploads\/sites\/2\/2019\/05\/analise04.jpg\" class=\"attachment-large size-large wp-image-196\" alt=\"\" srcset=\"https:\/\/www.pipingsolutions.com.br\/es\/wp-content\/uploads\/sites\/2\/2019\/05\/analise04.jpg 798w, https:\/\/www.pipingsolutions.com.br\/es\/wp-content\/uploads\/sites\/2\/2019\/05\/analise04-300x212.jpg 300w, https:\/\/www.pipingsolutions.com.br\/es\/wp-content\/uploads\/sites\/2\/2019\/05\/analise04-768x542.jpg 768w\" sizes=\"(max-width: 640px) 100vw, 640px\" \/>\t\t\t\t\t\t\t\t<\/a>\n\t\t\t\t\t\t\t\t\t\t\t\t\t\t\t<\/div>\n\t\t\t\t<\/div>\n\t\t\t\t\t<\/div>\n\t\t<\/div>\n\t\t\t\t\t<\/div>\n\t\t<\/section>\n\t\t\t\t<\/div>\n\t\t","protected":false},"excerpt":{"rendered":"<p>&#8211; An\u00e1lisis de Tensiones de las tuber\u00edas y sus accesorios &#8211; Verificaci\u00f3n de Esfuerzos en bocales de Equipos &#8211; Memoriales de C\u00e1lculo &#8211; Especificaciones de Soportes de Resorte y Juntas de Expansi\u00f3n Verificaci\u00f3n de Esfuerzos en Boquillas An\u00e1lisis Tensiones: Vapor Turbina Preparaci\u00f3n de Ca\u00f1a An\u00e1lisis Tensiones: Vapor Escape Turbina Memorial de C\u00e1lculo: Esfuerzos en Boquillas<\/p>\n","protected":false},"author":1,"featured_media":0,"parent":0,"menu_order":0,"comment_status":"closed","ping_status":"closed","template":"","meta":{"footnotes":""},"class_list":["post-181","page","type-page","status-publish","hentry"],"_links":{"self":[{"href":"https:\/\/www.pipingsolutions.com.br\/es\/wp-json\/wp\/v2\/pages\/181","targetHints":{"allow":["GET"]}}],"collection":[{"href":"https:\/\/www.pipingsolutions.com.br\/es\/wp-json\/wp\/v2\/pages"}],"about":[{"href":"https:\/\/www.pipingsolutions.com.br\/es\/wp-json\/wp\/v2\/types\/page"}],"author":[{"embeddable":true,"href":"https:\/\/www.pipingsolutions.com.br\/es\/wp-json\/wp\/v2\/users\/1"}],"replies":[{"embeddable":true,"href":"https:\/\/www.pipingsolutions.com.br\/es\/wp-json\/wp\/v2\/comments?post=181"}],"version-history":[{"count":11,"href":"https:\/\/www.pipingsolutions.com.br\/es\/wp-json\/wp\/v2\/pages\/181\/revisions"}],"predecessor-version":[{"id":279,"href":"https:\/\/www.pipingsolutions.com.br\/es\/wp-json\/wp\/v2\/pages\/181\/revisions\/279"}],"wp:attachment":[{"href":"https:\/\/www.pipingsolutions.com.br\/es\/wp-json\/wp\/v2\/media?parent=181"}],"curies":[{"name":"wp","href":"https:\/\/api.w.org\/{rel}","templated":true}]}}