{"id":164,"date":"2019-05-11T22:39:04","date_gmt":"2019-05-12T01:39:04","guid":{"rendered":"https:\/\/www.pipingsolutions.com.br\/?page_id=164"},"modified":"2019-05-16T00:36:24","modified_gmt":"2019-05-16T03:36:24","slug":"projetos-de-tubulacoes","status":"publish","type":"page","link":"https:\/\/www.pipingsolutions.com.br\/es\/projetos-de-tubulacoes\/","title":{"rendered":"Proyectos de Tuber\u00edas"},"content":{"rendered":"\t\t<div data-elementor-type=\"wp-post\" data-elementor-id=\"164\" class=\"elementor elementor-164\">\n\t\t\t\t\t\t<section class=\"elementor-section elementor-top-section elementor-element elementor-element-cd501d6 elementor-section-boxed elementor-section-height-default elementor-section-height-default\" data-id=\"cd501d6\" data-element_type=\"section\">\n\t\t\t\t\t\t<div class=\"elementor-container elementor-column-gap-default\">\n\t\t\t\t\t<div class=\"elementor-column elementor-col-50 elementor-top-column elementor-element elementor-element-43fab5f\" data-id=\"43fab5f\" data-element_type=\"column\">\n\t\t\t<div class=\"elementor-widget-wrap elementor-element-populated\">\n\t\t\t\t\t\t<div class=\"elementor-element elementor-element-2dacba6 elementor-widget elementor-widget-text-editor\" data-id=\"2dacba6\" data-element_type=\"widget\" data-widget_type=\"text-editor.default\">\n\t\t\t\t<div class=\"elementor-widget-container\">\n\t\t\t\t\t\t\t\t\t<ul><li>&#8211; Modelagem em ambiente virtual 3D;<\/li><li>&#8211; Plantas de Tubulaciones;<\/li><li>&#8211; Isom\u00e9tricos de Tubulaciones;<\/li><li>&#8211; Soportes de Tuber\u00edas<\/li><li>&#8211; Levantamiento de Campo (As Built)<\/li><li>&#8211; Utilizaci\u00f3n de Softwares<\/li><li>&#8211; Modernos y Originales<\/li><\/ul>\t\t\t\t\t\t\t\t<\/div>\n\t\t\t\t<\/div>\n\t\t\t\t\t<\/div>\n\t\t<\/div>\n\t\t\t\t<div class=\"elementor-column elementor-col-50 elementor-top-column elementor-element elementor-element-39fe568\" data-id=\"39fe568\" data-element_type=\"column\">\n\t\t\t<div class=\"elementor-widget-wrap elementor-element-populated\">\n\t\t\t\t\t\t<div class=\"elementor-element elementor-element-711b3ff elementor-widget elementor-widget-image\" data-id=\"711b3ff\" data-element_type=\"widget\" data-widget_type=\"image.default\">\n\t\t\t\t<div class=\"elementor-widget-container\">\n\t\t\t\t\t\t\t\t\t\t\t\t\t\t\t<img fetchpriority=\"high\" decoding=\"async\" width=\"600\" height=\"512\" src=\"https:\/\/www.pipingsolutions.com.br\/es\/wp-content\/uploads\/sites\/2\/2019\/05\/3dprojeto.jpg\" class=\"attachment-large size-large wp-image-167\" alt=\"\" srcset=\"https:\/\/www.pipingsolutions.com.br\/es\/wp-content\/uploads\/sites\/2\/2019\/05\/3dprojeto.jpg 600w, https:\/\/www.pipingsolutions.com.br\/es\/wp-content\/uploads\/sites\/2\/2019\/05\/3dprojeto-300x256.jpg 300w\" sizes=\"(max-width: 600px) 100vw, 600px\" \/>\t\t\t\t\t\t\t\t\t\t\t\t\t\t\t<\/div>\n\t\t\t\t<\/div>\n\t\t\t\t\t<\/div>\n\t\t<\/div>\n\t\t\t\t\t<\/div>\n\t\t<\/section>\n\t\t\t\t<section class=\"elementor-section elementor-top-section elementor-element elementor-element-94aa48c elementor-section-boxed elementor-section-height-default elementor-section-height-default\" data-id=\"94aa48c\" data-element_type=\"section\">\n\t\t\t\t\t\t<div class=\"elementor-container elementor-column-gap-default\">\n\t\t\t\t\t<div class=\"elementor-column elementor-col-100 elementor-top-column elementor-element elementor-element-94746fb\" data-id=\"94746fb\" data-element_type=\"column\">\n\t\t\t<div class=\"elementor-widget-wrap elementor-element-populated\">\n\t\t\t\t\t\t<div class=\"elementor-element elementor-element-c93a419 elementor-widget elementor-widget-spacer\" data-id=\"c93a419\" data-element_type=\"widget\" data-widget_type=\"spacer.default\">\n\t\t\t\t<div class=\"elementor-widget-container\">\n\t\t\t\t\t\t\t<div class=\"elementor-spacer\">\n\t\t\t<div class=\"elementor-spacer-inner\"><\/div>\n\t\t<\/div>\n\t\t\t\t\t\t<\/div>\n\t\t\t\t<\/div>\n\t\t\t\t\t<\/div>\n\t\t<\/div>\n\t\t\t\t\t<\/div>\n\t\t<\/section>\n\t\t\t\t<section class=\"elementor-section elementor-top-section elementor-element elementor-element-fa5ac91 elementor-section-boxed elementor-section-height-default elementor-section-height-default\" data-id=\"fa5ac91\" data-element_type=\"section\">\n\t\t\t\t\t\t<div class=\"elementor-container elementor-column-gap-default\">\n\t\t\t\t\t<div class=\"elementor-column elementor-col-100 elementor-top-column elementor-element elementor-element-be8cd1c\" data-id=\"be8cd1c\" data-element_type=\"column\">\n\t\t\t<div class=\"elementor-widget-wrap elementor-element-populated\">\n\t\t\t\t\t\t<div class=\"elementor-element elementor-element-6be688b elementor-widget elementor-widget-heading\" data-id=\"6be688b\" data-element_type=\"widget\" data-widget_type=\"heading.default\">\n\t\t\t\t<div class=\"elementor-widget-container\">\n\t\t\t\t\t<h2 class=\"elementor-heading-title elementor-size-default\">Modelado 3D<\/h2>\t\t\t\t<\/div>\n\t\t\t\t<\/div>\n\t\t\t\t\t<\/div>\n\t\t<\/div>\n\t\t\t\t\t<\/div>\n\t\t<\/section>\n\t\t\t\t<section class=\"elementor-section elementor-top-section elementor-element elementor-element-ea62085 elementor-section-stretched elementor-section-full_width elementor-section-height-default elementor-section-height-default\" data-id=\"ea62085\" data-element_type=\"section\" data-settings=\"{&quot;stretch_section&quot;:&quot;section-stretched&quot;,&quot;background_background&quot;:&quot;classic&quot;}\">\n\t\t\t\t\t\t<div class=\"elementor-container elementor-column-gap-default\">\n\t\t\t\t\t<div class=\"elementor-column elementor-col-50 elementor-top-column elementor-element elementor-element-2bdf3d2\" data-id=\"2bdf3d2\" data-element_type=\"column\">\n\t\t\t<div class=\"elementor-widget-wrap elementor-element-populated\">\n\t\t\t\t\t\t<div class=\"elementor-element elementor-element-c4cd2b7 elementor-widget elementor-widget-image\" data-id=\"c4cd2b7\" data-element_type=\"widget\" data-widget_type=\"image.default\">\n\t\t\t\t<div class=\"elementor-widget-container\">\n\t\t\t\t\t\t\t\t\t\t\t\t\t\t\t\t<a href=\"https:\/\/www.pipingsolutions.com.br\/wp-content\/uploads\/2019\/05\/modelagem3d.jpg\" data-elementor-open-lightbox=\"yes\" data-elementor-lightbox-title=\"modelagem3d\" data-e-action-hash=\"#elementor-action%3Aaction%3Dlightbox%26settings%3DeyJpZCI6MTc1LCJ1cmwiOiJodHRwczpcL1wvd3d3LnBpcGluZ3NvbHV0aW9ucy5jb20uYnJcL2VzXC93cC1jb250ZW50XC91cGxvYWRzXC9zaXRlc1wvMlwvMjAxOVwvMDVcL21vZGVsYWdlbTNkLmpwZyJ9\">\n\t\t\t\t\t\t\t<img decoding=\"async\" width=\"640\" height=\"335\" src=\"https:\/\/www.pipingsolutions.com.br\/es\/wp-content\/uploads\/sites\/2\/2019\/05\/modelagem3d-1024x536.jpg\" class=\"attachment-large size-large wp-image-175\" alt=\"\" srcset=\"https:\/\/www.pipingsolutions.com.br\/es\/wp-content\/uploads\/sites\/2\/2019\/05\/modelagem3d-1024x536.jpg 1024w, https:\/\/www.pipingsolutions.com.br\/es\/wp-content\/uploads\/sites\/2\/2019\/05\/modelagem3d-300x157.jpg 300w, https:\/\/www.pipingsolutions.com.br\/es\/wp-content\/uploads\/sites\/2\/2019\/05\/modelagem3d-768x402.jpg 768w, https:\/\/www.pipingsolutions.com.br\/es\/wp-content\/uploads\/sites\/2\/2019\/05\/modelagem3d.jpg 1150w\" sizes=\"(max-width: 640px) 100vw, 640px\" \/>\t\t\t\t\t\t\t\t<\/a>\n\t\t\t\t\t\t\t\t\t\t\t\t\t\t\t<\/div>\n\t\t\t\t<\/div>\n\t\t\t\t\t<\/div>\n\t\t<\/div>\n\t\t\t\t<div class=\"elementor-column elementor-col-50 elementor-top-column elementor-element elementor-element-effee49\" data-id=\"effee49\" data-element_type=\"column\">\n\t\t\t<div class=\"elementor-widget-wrap elementor-element-populated\">\n\t\t\t\t\t\t<div class=\"elementor-element elementor-element-83f5d50 elementor-widget elementor-widget-image\" data-id=\"83f5d50\" data-element_type=\"widget\" data-widget_type=\"image.default\">\n\t\t\t\t<div class=\"elementor-widget-container\">\n\t\t\t\t\t\t\t\t\t\t\t\t\t\t\t\t<a href=\"https:\/\/www.pipingsolutions.com.br\/wp-content\/uploads\/2019\/05\/modelagem3d2.jpg\" data-elementor-open-lightbox=\"yes\" data-elementor-lightbox-title=\"modelagem3d2\" data-e-action-hash=\"#elementor-action%3Aaction%3Dlightbox%26settings%3DeyJpZCI6MTc0LCJ1cmwiOiJodHRwczpcL1wvd3d3LnBpcGluZ3NvbHV0aW9ucy5jb20uYnJcL2VzXC93cC1jb250ZW50XC91cGxvYWRzXC9zaXRlc1wvMlwvMjAxOVwvMDVcL21vZGVsYWdlbTNkMi5qcGcifQ%3D%3D\">\n\t\t\t\t\t\t\t<img decoding=\"async\" width=\"640\" height=\"335\" src=\"https:\/\/www.pipingsolutions.com.br\/es\/wp-content\/uploads\/sites\/2\/2019\/05\/modelagem3d2-1024x536.jpg\" class=\"attachment-large size-large wp-image-174\" alt=\"\" srcset=\"https:\/\/www.pipingsolutions.com.br\/es\/wp-content\/uploads\/sites\/2\/2019\/05\/modelagem3d2-1024x536.jpg 1024w, https:\/\/www.pipingsolutions.com.br\/es\/wp-content\/uploads\/sites\/2\/2019\/05\/modelagem3d2-300x157.jpg 300w, https:\/\/www.pipingsolutions.com.br\/es\/wp-content\/uploads\/sites\/2\/2019\/05\/modelagem3d2-768x402.jpg 768w, https:\/\/www.pipingsolutions.com.br\/es\/wp-content\/uploads\/sites\/2\/2019\/05\/modelagem3d2.jpg 1150w\" sizes=\"(max-width: 640px) 100vw, 640px\" \/>\t\t\t\t\t\t\t\t<\/a>\n\t\t\t\t\t\t\t\t\t\t\t\t\t\t\t<\/div>\n\t\t\t\t<\/div>\n\t\t\t\t\t<\/div>\n\t\t<\/div>\n\t\t\t\t\t<\/div>\n\t\t<\/section>\n\t\t\t\t<\/div>\n\t\t","protected":false},"excerpt":{"rendered":"<p>&#8211; Modelagem em ambiente virtual 3D; &#8211; Plantas de Tubulaciones; &#8211; Isom\u00e9tricos de Tubulaciones; &#8211; Soportes de Tuber\u00edas &#8211; Levantamiento de Campo (As Built) &#8211; Utilizaci\u00f3n de Softwares &#8211; Modernos y Originales Modelado 3D<\/p>\n","protected":false},"author":1,"featured_media":0,"parent":0,"menu_order":0,"comment_status":"closed","ping_status":"closed","template":"","meta":{"footnotes":""},"class_list":["post-164","page","type-page","status-publish","hentry"],"_links":{"self":[{"href":"https:\/\/www.pipingsolutions.com.br\/es\/wp-json\/wp\/v2\/pages\/164","targetHints":{"allow":["GET"]}}],"collection":[{"href":"https:\/\/www.pipingsolutions.com.br\/es\/wp-json\/wp\/v2\/pages"}],"about":[{"href":"https:\/\/www.pipingsolutions.com.br\/es\/wp-json\/wp\/v2\/types\/page"}],"author":[{"embeddable":true,"href":"https:\/\/www.pipingsolutions.com.br\/es\/wp-json\/wp\/v2\/users\/1"}],"replies":[{"embeddable":true,"href":"https:\/\/www.pipingsolutions.com.br\/es\/wp-json\/wp\/v2\/comments?post=164"}],"version-history":[{"count":11,"href":"https:\/\/www.pipingsolutions.com.br\/es\/wp-json\/wp\/v2\/pages\/164\/revisions"}],"predecessor-version":[{"id":298,"href":"https:\/\/www.pipingsolutions.com.br\/es\/wp-json\/wp\/v2\/pages\/164\/revisions\/298"}],"wp:attachment":[{"href":"https:\/\/www.pipingsolutions.com.br\/es\/wp-json\/wp\/v2\/media?parent=164"}],"curies":[{"name":"wp","href":"https:\/\/api.w.org\/{rel}","templated":true}]}}